{"id":1028,"date":"2025-08-06T19:56:20","date_gmt":"2025-08-06T17:56:20","guid":{"rendered":"https:\/\/kairos.seastonehomes.es\/habitatges\/"},"modified":"2026-02-20T13:04:58","modified_gmt":"2026-02-20T12:04:58","slug":"habitatges","status":"publish","type":"page","link":"https:\/\/kairos.seastonehomes.es\/ca\/habitatges\/","title":{"rendered":"Habitatges"},"content":{"rendered":"\t\t<div data-elementor-type=\"wp-page\" data-elementor-id=\"1028\" class=\"elementor elementor-1028 elementor-355\" data-elementor-post-type=\"page\">\n\t\t\t\t<div class=\"elementor-element elementor-element-1fa6f5e e-con-full e-flex e-con e-parent\" data-id=\"1fa6f5e\" data-element_type=\"container\" data-settings=\"{&quot;background_background&quot;:&quot;classic&quot;}\">\n\t\t\t\t<div class=\"elementor-element elementor-element-0704e1a elementor-widget elementor-widget-heading\" data-id=\"0704e1a\" data-element_type=\"widget\" data-widget_type=\"heading.default\">\n\t\t\t\t<div class=\"elementor-widget-container\">\n\t\t\t\t\t<h2 class=\"elementor-heading-title elementor-size-default\">Habitatges<\/h2>\t\t\t\t<\/div>\n\t\t\t\t<\/div>\n\t\t<div class=\"elementor-element elementor-element-3e2b6e4 e-flex e-con-boxed e-con e-child\" data-id=\"3e2b6e4\" data-element_type=\"container\" data-settings=\"{&quot;position&quot;:&quot;absolute&quot;}\">\n\t\t\t\t\t<div class=\"e-con-inner\">\n\t\t\t\t<div class=\"elementor-element elementor-element-2467603 elementor-widget elementor-widget-image\" data-id=\"2467603\" data-element_type=\"widget\" data-widget_type=\"image.default\">\n\t\t\t\t<div class=\"elementor-widget-container\">\n\t\t\t\t\t\t\t\t\t\t\t\t\t\t\t\t<a href=\"#next\">\n\t\t\t\t\t\t\t<img decoding=\"async\" width=\"1\" height=\"1\" src=\"https:\/\/kairos.seastonehomes.es\/wp-content\/uploads\/2025\/08\/keep-scrolling.svg\" class=\"attachment-full size-full wp-image-265\" alt=\"\" \/>\t\t\t\t\t\t\t\t<\/a>\n\t\t\t\t\t\t\t\t\t\t\t\t\t\t\t<\/div>\n\t\t\t\t<\/div>\n\t\t\t\t\t<\/div>\n\t\t\t\t<\/div>\n\t\t\t\t<\/div>\n\t\t<div class=\"elementor-element elementor-element-cfa1bea e-flex e-con-boxed e-con e-parent\" data-id=\"cfa1bea\" data-element_type=\"container\" data-settings=\"{&quot;background_background&quot;:&quot;classic&quot;}\">\n\t\t\t\t\t<div class=\"e-con-inner\">\n\t\t<div class=\"elementor-element elementor-element-22f61db e-con-full e-flex e-con e-child\" data-id=\"22f61db\" data-element_type=\"container\">\n\t\t\t\t<div class=\"elementor-element elementor-element-dc3f9c6 elementor-widget elementor-widget-heading\" data-id=\"dc3f9c6\" data-element_type=\"widget\" data-widget_type=\"heading.default\">\n\t\t\t\t<div class=\"elementor-widget-container\">\n\t\t\t\t\t<h2 class=\"elementor-heading-title elementor-size-default\">Innovant per\n millorar el teu futur.<\/h2>\t\t\t\t<\/div>\n\t\t\t\t<\/div>\n\t\t\t\t<\/div>\n\t\t<div class=\"elementor-element elementor-element-45714f7 e-con-full e-flex e-con e-child\" data-id=\"45714f7\" data-element_type=\"container\">\n\t\t\t\t<div class=\"elementor-element elementor-element-d80e668 elementor-widget elementor-widget-heading\" data-id=\"d80e668\" data-element_type=\"widget\" data-widget_type=\"heading.default\">\n\t\t\t\t<div class=\"elementor-widget-container\">\n\t\t\t\t\t<p class=\"elementor-heading-title elementor-size-default\">Kairos t'ofereix un projecte innovador i sostenible, amb habitatges independents i aparellats dissenyats a la teva mida. Gaudeix d\u00b4acabats d\u00b4alta qualitat, una distribuci\u00f3 \u00f2ptima i espais comuns excepcionals: piscina, zones enjardinades i un entorn familiar i segur. Tot all\u00f2 que necessites per viure amb confort, tranquil\u00b7litat i benestar.<\/p>\t\t\t\t<\/div>\n\t\t\t\t<\/div>\n\t\t\t\t<\/div>\n\t\t\t\t\t<\/div>\n\t\t\t\t<\/div>\n\t\t<div class=\"elementor-element elementor-element-52299fc e-flex e-con-boxed e-con e-parent\" data-id=\"52299fc\" data-element_type=\"container\">\n\t\t\t\t\t<div class=\"e-con-inner\">\n\t\t<div class=\"elementor-element elementor-element-811ae35 e-flex e-con-boxed e-con e-child\" data-id=\"811ae35\" data-element_type=\"container\">\n\t\t\t\t\t<div class=\"e-con-inner\">\n\t\t\t\t<div class=\"elementor-element elementor-element-6eb0217 elementor-widget elementor-widget-heading\" data-id=\"6eb0217\" data-element_type=\"widget\" data-widget_type=\"heading.default\">\n\t\t\t\t<div class=\"elementor-widget-container\">\n\t\t\t\t\t<h2 class=\"elementor-heading-title elementor-size-default\">Salons<\/h2>\t\t\t\t<\/div>\n\t\t\t\t<\/div>\n\t\t\t\t<div class=\"elementor-element elementor-element-9a0afce elementor-widget elementor-widget-heading\" data-id=\"9a0afce\" data-element_type=\"widget\" data-widget_type=\"heading.default\">\n\t\t\t\t<div class=\"elementor-widget-container\">\n\t\t\t\t\t<p class=\"elementor-heading-title elementor-size-default\">Un espai ampli, llumin\u00f3s i dissenyat acuradament, amb materials d'alta\n qualitat i connexi\u00f3 directa a l'exterior per gaudir al m\u00e0xim de cada moment.<\/p>\t\t\t\t<\/div>\n\t\t\t\t<\/div>\n\t\t\t\t\t<\/div>\n\t\t\t\t<\/div>\n\t\t\t\t\t<\/div>\n\t\t\t\t<\/div>\n\t\t<div class=\"elementor-element elementor-element-7144c1f e-con-full e-flex e-con e-parent\" data-id=\"7144c1f\" data-element_type=\"container\" data-settings=\"{&quot;background_background&quot;:&quot;classic&quot;}\">\n\t\t\t\t<\/div>\n\t\t<div class=\"elementor-element elementor-element-c0b1e17 e-con-full e-flex e-con e-parent\" data-id=\"c0b1e17\" data-element_type=\"container\" data-settings=\"{&quot;background_background&quot;:&quot;classic&quot;}\">\n\t\t\t\t<\/div>\n\t\t<div class=\"elementor-element elementor-element-fce08ff e-flex e-con-boxed e-con e-parent\" data-id=\"fce08ff\" data-element_type=\"container\">\n\t\t\t\t\t<div class=\"e-con-inner\">\n\t\t<div class=\"elementor-element elementor-element-4acba87 e-flex e-con-boxed e-con e-child\" data-id=\"4acba87\" data-element_type=\"container\">\n\t\t\t\t\t<div class=\"e-con-inner\">\n\t\t\t\t<div class=\"elementor-element elementor-element-79103f9 elementor-widget elementor-widget-heading\" data-id=\"79103f9\" data-element_type=\"widget\" data-widget_type=\"heading.default\">\n\t\t\t\t<div class=\"elementor-widget-container\">\n\t\t\t\t\t<h2 class=\"elementor-heading-title elementor-size-default\">Cuines<\/h2>\t\t\t\t<\/div>\n\t\t\t\t<\/div>\n\t\t\t\t<div class=\"elementor-element elementor-element-4bb63af elementor-widget elementor-widget-heading\" data-id=\"4bb63af\" data-element_type=\"widget\" data-widget_type=\"heading.default\">\n\t\t\t\t<div class=\"elementor-widget-container\">\n\t\t\t\t\t<p class=\"elementor-heading-title elementor-size-default\">Cuines totalment equipades amb mobiliari d'alta capacitat, taulell de cuina\n de qualitat i electrodom\u00e8stics integrats en acer inoxidable.<\/p>\t\t\t\t<\/div>\n\t\t\t\t<\/div>\n\t\t\t\t\t<\/div>\n\t\t\t\t<\/div>\n\t\t\t\t\t<\/div>\n\t\t\t\t<\/div>\n\t\t<div class=\"elementor-element elementor-element-253d0fe e-con-full e-flex e-con e-parent\" data-id=\"253d0fe\" data-element_type=\"container\" data-settings=\"{&quot;background_background&quot;:&quot;classic&quot;}\">\n\t\t\t\t<\/div>\n\t\t<div class=\"elementor-element elementor-element-08821e2 e-flex e-con-boxed e-con e-parent\" data-id=\"08821e2\" data-element_type=\"container\">\n\t\t\t\t\t<div class=\"e-con-inner\">\n\t\t<div class=\"elementor-element elementor-element-83361cc e-flex e-con-boxed e-con e-child\" data-id=\"83361cc\" data-element_type=\"container\">\n\t\t\t\t\t<div class=\"e-con-inner\">\n\t\t\t\t<div class=\"elementor-element elementor-element-4e33a38 elementor-widget elementor-widget-heading\" data-id=\"4e33a38\" data-element_type=\"widget\" data-widget_type=\"heading.default\">\n\t\t\t\t<div class=\"elementor-widget-container\">\n\t\t\t\t\t<h2 class=\"elementor-heading-title elementor-size-default\">Banys<\/h2>\t\t\t\t<\/div>\n\t\t\t\t<\/div>\n\t\t\t\t<div class=\"elementor-element elementor-element-89c7988 elementor-widget elementor-widget-heading\" data-id=\"89c7988\" data-element_type=\"widget\" data-widget_type=\"heading.default\">\n\t\t\t\t<div class=\"elementor-widget-container\">\n\t\t\t\t\t<p class=\"elementor-heading-title elementor-size-default\">Banys funcionals i elegants, amb acabats de qualitat, dutxa arran de terra\n i sanitaris de disseny modern.<\/p>\t\t\t\t<\/div>\n\t\t\t\t<\/div>\n\t\t\t\t\t<\/div>\n\t\t\t\t<\/div>\n\t\t\t\t\t<\/div>\n\t\t\t\t<\/div>\n\t\t<div class=\"elementor-element elementor-element-b2b2794 e-con-full e-flex e-con e-parent\" data-id=\"b2b2794\" data-element_type=\"container\" data-settings=\"{&quot;background_background&quot;:&quot;classic&quot;}\">\n\t\t\t\t<\/div>\n\t\t<div class=\"elementor-element elementor-element-33291dc e-flex e-con-boxed e-con e-parent\" data-id=\"33291dc\" data-element_type=\"container\">\n\t\t\t\t\t<div class=\"e-con-inner\">\n\t\t<div class=\"elementor-element elementor-element-997e034 e-flex e-con-boxed e-con e-child\" data-id=\"997e034\" data-element_type=\"container\">\n\t\t\t\t\t<div class=\"e-con-inner\">\n\t\t\t\t<div class=\"elementor-element elementor-element-9d175e6 elementor-widget elementor-widget-heading\" data-id=\"9d175e6\" data-element_type=\"widget\" data-widget_type=\"heading.default\">\n\t\t\t\t<div class=\"elementor-widget-container\">\n\t\t\t\t\t<h2 class=\"elementor-heading-title elementor-size-default\">Dormitoris<\/h2>\t\t\t\t<\/div>\n\t\t\t\t<\/div>\n\t\t\t\t<div class=\"elementor-element elementor-element-f6626be elementor-widget elementor-widget-heading\" data-id=\"f6626be\" data-element_type=\"widget\" data-widget_type=\"heading.default\">\n\t\t\t\t<div class=\"elementor-widget-container\">\n\t\t\t\t\t<p class=\"elementor-heading-title elementor-size-default\">Habitacions pensades per al confort i el descans, amb excel\u00b7lents acabats,\n a\u00efllament t\u00e8rmic i ac\u00fastic, i una distribuci\u00f3 funcional i acollidora.<\/p>\t\t\t\t<\/div>\n\t\t\t\t<\/div>\n\t\t\t\t\t<\/div>\n\t\t\t\t<\/div>\n\t\t\t\t\t<\/div>\n\t\t\t\t<\/div>\n\t\t<div class=\"elementor-element elementor-element-7f4a12e e-con-full e-flex e-con e-parent\" data-id=\"7f4a12e\" data-element_type=\"container\" data-settings=\"{&quot;background_background&quot;:&quot;classic&quot;}\">\n\t\t\t\t<\/div>\n\t\t<div class=\"elementor-element elementor-element-b3fdf27 e-flex e-con-boxed e-con e-parent\" data-id=\"b3fdf27\" data-element_type=\"container\">\n\t\t\t\t\t<div class=\"e-con-inner\">\n\t\t<div class=\"elementor-element elementor-element-f1b1f96 e-flex e-con-boxed e-con e-child\" data-id=\"f1b1f96\" data-element_type=\"container\">\n\t\t\t\t\t<div class=\"e-con-inner\">\n\t\t\t\t<div class=\"elementor-element elementor-element-84aeb98 elementor-widget elementor-widget-heading\" data-id=\"84aeb98\" data-element_type=\"widget\" data-widget_type=\"heading.default\">\n\t\t\t\t<div class=\"elementor-widget-container\">\n\t\t\t\t\t<h2 class=\"elementor-heading-title elementor-size-default\">Garatge subterrani<\/h2>\t\t\t\t<\/div>\n\t\t\t\t<\/div>\n\t\t\t\t<div class=\"elementor-element elementor-element-6f5a163 elementor-widget elementor-widget-heading\" data-id=\"6f5a163\" data-element_type=\"widget\" data-widget_type=\"heading.default\">\n\t\t\t\t<div class=\"elementor-widget-container\">\n\t\t\t\t\t<p class=\"elementor-heading-title elementor-size-default\">Garatge subterrani privat, amb paviment continu de formig\u00f3, porta\n motoritzada i preinstal\u00b7laci\u00f3 per a c\u00e0rrega de vehicle el\u00e8ctric.<\/p>\t\t\t\t<\/div>\n\t\t\t\t<\/div>\n\t\t\t\t\t<\/div>\n\t\t\t\t<\/div>\n\t\t\t\t\t<\/div>\n\t\t\t\t<\/div>\n\t\t<div class=\"elementor-element elementor-element-4a4ebec e-con-full e-flex e-con e-parent\" data-id=\"4a4ebec\" data-element_type=\"container\" data-settings=\"{&quot;background_background&quot;:&quot;classic&quot;}\">\n\t\t\t\t<\/div>\n\t\t<div class=\"elementor-element elementor-element-4e1aa561 e-flex e-con-boxed e-con e-parent\" data-id=\"4e1aa561\" data-element_type=\"container\">\n\t\t\t\t\t<div class=\"e-con-inner\">\n\t\t<div class=\"elementor-element elementor-element-61e5d5da e-flex e-con-boxed e-con e-child\" data-id=\"61e5d5da\" data-element_type=\"container\">\n\t\t\t\t\t<div class=\"e-con-inner\">\n\t\t\t\t<div class=\"elementor-element elementor-element-3daa750b elementor-align-center elementor-widget elementor-widget-button\" data-id=\"3daa750b\" data-element_type=\"widget\" data-widget_type=\"button.default\">\n\t\t\t\t<div class=\"elementor-widget-container\">\n\t\t\t\t\t\t\t\t\t<div class=\"elementor-button-wrapper\">\n\t\t\t\t\t<a class=\"elementor-button elementor-button-link elementor-size-sm\" href=\"https:\/\/kairos.seastonehomes.es\/ca\/planols\/\">\n\t\t\t\t\t\t<span class=\"elementor-button-content-wrapper\">\n\t\t\t\t\t\t\t\t\t<span class=\"elementor-button-text\">VEURE ELS pl\u00e0nols DE KAIROS<\/span>\n\t\t\t\t\t<\/span>\n\t\t\t\t\t<\/a>\n\t\t\t\t<\/div>\n\t\t\t\t\t\t\t\t<\/div>\n\t\t\t\t<\/div>\n\t\t\t\t\t<\/div>\n\t\t\t\t<\/div>\n\t\t\t\t\t<\/div>\n\t\t\t\t<\/div>\n\t\t<div class=\"elementor-element elementor-element-d4ea571 e-flex e-con-boxed e-con e-parent\" data-id=\"d4ea571\" data-element_type=\"container\" data-settings=\"{&quot;background_background&quot;:&quot;classic&quot;}\">\n\t\t\t\t\t<div class=\"e-con-inner\">\n\t\t<div class=\"elementor-element elementor-element-101d546f e-con-full e-flex e-con e-child\" data-id=\"101d546f\" data-element_type=\"container\">\n\t\t\t\t<div class=\"elementor-element elementor-element-7f42c85e elementor-widget elementor-widget-heading\" data-id=\"7f42c85e\" data-element_type=\"widget\" data-widget_type=\"heading.default\">\n\t\t\t\t<div class=\"elementor-widget-container\">\n\t\t\t\t\t<h2 class=\"elementor-heading-title elementor-size-default\">Per obtenir m\u00e9s\n informaci\u00f3,\n contacta'ns.<\/h2>\t\t\t\t<\/div>\n\t\t\t\t<\/div>\n\t\t\t\t<div class=\"elementor-element elementor-element-7f8fc303 elementor-widget elementor-widget-text-editor\" data-id=\"7f8fc303\" data-element_type=\"widget\" data-widget_type=\"text-editor.default\">\n\t\t\t\t<div class=\"elementor-widget-container\">\n\t\t\t\t\t\t\t\t\tObtingueu tots els detalls completant el seg\u00fcent formulari. Un dels nostres assessors es posar\u00e0 en contacte amb tu el m\u00e9s aviat possible per resoldre qualsevol dubte i oferir-te tota la informaci\u00f3 que necessitis. \t\t\t\t\t\t\t\t<\/div>\n\t\t\t\t<\/div>\n\t\t\t\t<\/div>\n\t\t<div class=\"elementor-element elementor-element-37de169a e-con-full e-flex e-con e-child\" data-id=\"37de169a\" data-element_type=\"container\">\n\t\t\t\t<div class=\"elementor-element elementor-element-38fcd969 elementor-button-align-stretch elementor-widget elementor-widget-form\" data-id=\"38fcd969\" data-element_type=\"widget\" data-settings=\"{&quot;button_width&quot;:&quot;40&quot;,&quot;step_next_label&quot;:&quot;Seg\\u00fcent&quot;,&quot;step_previous_label&quot;:&quot;Anterior&quot;,&quot;step_type&quot;:&quot;number_text&quot;,&quot;step_icon_shape&quot;:&quot;circle&quot;}\" data-widget_type=\"form.default\">\n\t\t\t\t<div class=\"elementor-widget-container\">\n\t\t\t\t\t\t\t<form class=\"elementor-form\" method=\"post\" name=\"New Form\">\n\t\t\t<input type=\"hidden\" name=\"post_id\" value=\"1028\"\/>\n\t\t\t<input type=\"hidden\" name=\"form_id\" value=\"38fcd969\"\/>\n\t\t\t<input type=\"hidden\" name=\"referer_title\" value=\"Habitatges\" \/>\n\n\t\t\t\t\t\t\t<input type=\"hidden\" name=\"queried_id\" value=\"1028\"\/>\n\t\t\t\n\t\t\t<div class=\"elementor-form-fields-wrapper elementor-labels-\">\n\t\t\t\t\t\t\t\t<div class=\"elementor-field-type-text elementor-field-group elementor-column elementor-field-group-name elementor-col-100 elementor-field-required\">\n\t\t\t\t\t\t\t\t\t\t\t\t<label for=\"form-field-name\" class=\"elementor-field-label elementor-screen-only\">\n\t\t\t\t\t\t\t\tNom i cognoms\t\t\t\t\t\t\t<\/label>\n\t\t\t\t\t\t\t\t\t\t\t\t\t\t<input size=\"1\" type=\"text\" name=\"form_fields[name]\" id=\"form-field-name\" class=\"elementor-field elementor-size-sm  elementor-field-textual\" placeholder=\"Nom i cognoms\" required=\"required\">\n\t\t\t\t\t\t\t\t\t\t\t<\/div>\n\t\t\t\t\t\t\t\t<div class=\"elementor-field-type-email elementor-field-group elementor-column elementor-field-group-email elementor-col-100 elementor-field-required\">\n\t\t\t\t\t\t\t\t\t\t\t\t<label for=\"form-field-email\" class=\"elementor-field-label elementor-screen-only\">\n\t\t\t\t\t\t\t\tCorreu electr\u00f2nic\t\t\t\t\t\t\t<\/label>\n\t\t\t\t\t\t\t\t\t\t\t\t\t\t<input size=\"1\" type=\"email\" name=\"form_fields[email]\" id=\"form-field-email\" class=\"elementor-field elementor-size-sm  elementor-field-textual\" placeholder=\"Correu electr\u00f2nic\" required=\"required\">\n\t\t\t\t\t\t\t\t\t\t\t<\/div>\n\t\t\t\t\t\t\t\t<div class=\"elementor-field-type-select elementor-field-group elementor-column elementor-field-group-field_1e38862 elementor-col-30 elementor-field-required\">\n\t\t\t\t\t\t\t\t\t\t\t\t<label for=\"form-field-field_1e38862\" class=\"elementor-field-label elementor-screen-only\">\n\t\t\t\t\t\t\t\tPrefix\t\t\t\t\t\t\t<\/label>\n\t\t\t\t\t\t\t\t<div class=\"elementor-field elementor-select-wrapper remove-before \">\n\t\t\t<div class=\"select-caret-down-wrapper\">\n\t\t\t\t<svg aria-hidden=\"true\" class=\"e-font-icon-svg e-eicon-caret-down\" viewBox=\"0 0 571.4 571.4\" xmlns=\"http:\/\/www.w3.org\/2000\/svg\"><path d=\"M571 393Q571 407 561 418L311 668Q300 679 286 679T261 668L11 418Q0 407 0 393T11 368 36 357H536Q550 357 561 368T571 393Z\"><\/path><\/svg>\t\t\t<\/div>\n\t\t\t<select name=\"form_fields[field_1e38862]\" id=\"form-field-field_1e38862\" class=\"elementor-field-textual elementor-size-sm\" required=\"required\">\n\t\t\t\t\t\t\t\t\t<option value=\"+30\">+30<\/option>\n\t\t\t\t\t\t\t\t\t<option value=\"+31\">+31<\/option>\n\t\t\t\t\t\t\t\t\t<option value=\"+32\">+32<\/option>\n\t\t\t\t\t\t\t\t\t<option value=\"+33\">+33<\/option>\n\t\t\t\t\t\t\t\t\t<option value=\"+34\" selected=\"selected\">+34<\/option>\n\t\t\t\t\t\t\t\t\t<option value=\"+350\">+350<\/option>\n\t\t\t\t\t\t\t\t\t<option value=\"+351\">+351<\/option>\n\t\t\t\t\t\t\t\t\t<option value=\"+352\">+352<\/option>\n\t\t\t\t\t\t\t\t\t<option value=\"+353\">+353<\/option>\n\t\t\t\t\t\t\t\t\t<option value=\"+354\">+354<\/option>\n\t\t\t\t\t\t\t\t\t<option value=\"+355\">+355<\/option>\n\t\t\t\t\t\t\t\t\t<option value=\"+356\">+356<\/option>\n\t\t\t\t\t\t\t\t\t<option value=\"+357\">+357<\/option>\n\t\t\t\t\t\t\t\t\t<option value=\"+358\">+358<\/option>\n\t\t\t\t\t\t\t\t\t<option value=\"+359\">+359<\/option>\n\t\t\t\t\t\t\t\t\t<option value=\"+36\">+36<\/option>\n\t\t\t\t\t\t\t\t\t<option value=\"+370\">+370<\/option>\n\t\t\t\t\t\t\t\t\t<option value=\"+371\">+371<\/option>\n\t\t\t\t\t\t\t\t\t<option value=\"+372\">+372<\/option>\n\t\t\t\t\t\t\t\t\t<option value=\"+373\">+373<\/option>\n\t\t\t\t\t\t\t\t\t<option value=\"+374\">+374<\/option>\n\t\t\t\t\t\t\t\t\t<option value=\"+375\">+375<\/option>\n\t\t\t\t\t\t\t\t\t<option value=\"+376\">+376<\/option>\n\t\t\t\t\t\t\t\t\t<option value=\"+377\">+377<\/option>\n\t\t\t\t\t\t\t\t\t<option value=\"+378\">+378<\/option>\n\t\t\t\t\t\t\t\t\t<option value=\"+379\">+379<\/option>\n\t\t\t\t\t\t\t\t\t<option value=\"+380\">+380<\/option>\n\t\t\t\t\t\t\t\t\t<option value=\"+381\">+381<\/option>\n\t\t\t\t\t\t\t\t\t<option value=\"+382\">+382<\/option>\n\t\t\t\t\t\t\t\t\t<option value=\"+383\">+383<\/option>\n\t\t\t\t\t\t\t\t\t<option value=\"+384\">+384<\/option>\n\t\t\t\t\t\t\t\t\t<option value=\"+385\">+385<\/option>\n\t\t\t\t\t\t\t\t\t<option value=\"+386\">+386<\/option>\n\t\t\t\t\t\t\t\t\t<option value=\"+387\">+387<\/option>\n\t\t\t\t\t\t\t\t\t<option value=\"+389\">+389<\/option>\n\t\t\t\t\t\t\t\t\t<option value=\"+39\">+39<\/option>\n\t\t\t\t\t\t\t\t\t<option value=\"+40\">+40<\/option>\n\t\t\t\t\t\t\t\t\t<option value=\"+41\">+41<\/option>\n\t\t\t\t\t\t\t\t\t<option value=\"+420\">+420<\/option>\n\t\t\t\t\t\t\t\t\t<option value=\"+421\">+421<\/option>\n\t\t\t\t\t\t\t\t\t<option value=\"+423\">+423<\/option>\n\t\t\t\t\t\t\t\t\t<option value=\"+43\">+43<\/option>\n\t\t\t\t\t\t\t\t\t<option value=\"+44\">+44<\/option>\n\t\t\t\t\t\t\t\t\t<option value=\"+45\">+45<\/option>\n\t\t\t\t\t\t\t\t\t<option value=\"+46\">+46<\/option>\n\t\t\t\t\t\t\t\t\t<option value=\"+47\">+47<\/option>\n\t\t\t\t\t\t\t\t\t<option value=\"+48\">+48<\/option>\n\t\t\t\t\t\t\t\t\t<option value=\"+49\">+49<\/option>\n\t\t\t\t\t\t\t\t\t<option value=\"+90\">+90<\/option>\n\t\t\t\t\t\t\t\t\t<option value=\"+995\">+995<\/option>\n\t\t\t\t\t\t\t<\/select>\n\t\t<\/div>\n\t\t\t\t\t\t<\/div>\n\t\t\t\t\t\t\t\t<div class=\"elementor-field-type-tel elementor-field-group elementor-column elementor-field-group-field_d8c4a03 elementor-col-70 elementor-field-required\">\n\t\t\t\t\t\t\t\t\t\t\t\t<label for=\"form-field-field_d8c4a03\" class=\"elementor-field-label elementor-screen-only\">\n\t\t\t\t\t\t\t\tTel\u00e8fon\t\t\t\t\t\t\t<\/label>\n\t\t\t\t\t\t\t\t<input size=\"1\" type=\"tel\" name=\"form_fields[field_d8c4a03]\" id=\"form-field-field_d8c4a03\" class=\"elementor-field elementor-size-sm  elementor-field-textual\" placeholder=\"Tel\u00e8fon\" required=\"required\" pattern=\"[0-9()#&amp;+*-=.]+\" title=\"Only numbers and phone characters (#, -, *, etc) are accepted.\">\n\n\t\t\t\t\t\t<\/div>\n\t\t\t\t\t\t\t\t<div class=\"elementor-field-type-textarea elementor-field-group elementor-column elementor-field-group-message elementor-col-100 elementor-field-required\">\n\t\t\t\t\t\t\t\t\t\t\t\t<label for=\"form-field-message\" class=\"elementor-field-label elementor-screen-only\">\n\t\t\t\t\t\t\t\tMissatge\t\t\t\t\t\t\t<\/label>\n\t\t\t\t\t\t<textarea class=\"elementor-field-textual elementor-field  elementor-size-sm\" name=\"form_fields[message]\" id=\"form-field-message\" rows=\"4\" placeholder=\"Missatge\" required=\"required\"><\/textarea>\t\t\t\t<\/div>\n\t\t\t\t\t\t\t\t<div class=\"elementor-field-group elementor-column elementor-field-type-submit elementor-col-40 e-form__buttons\">\n\t\t\t\t\t<button class=\"elementor-button elementor-size-sm\" type=\"submit\">\n\t\t\t\t\t\t<span class=\"elementor-button-content-wrapper\">\n\t\t\t\t\t\t\t\t\t\t\t\t\t\t\t\t\t\t\t\t\t\t<span class=\"elementor-button-text\">Enviar<\/span>\n\t\t\t\t\t\t\t\t\t\t\t\t\t<\/span>\n\t\t\t\t\t<\/button>\n\t\t\t\t<\/div>\n\t\t\t<\/div>\n\t\t<\/form>\n\t\t\t\t\t\t<\/div>\n\t\t\t\t<\/div>\n\t\t\t\t<\/div>\n\t\t\t\t\t<\/div>\n\t\t\t\t<\/div>\n\t\t\t\t<\/div>\n\t\t","protected":false},"excerpt":{"rendered":"<p>Habitatges Innovant per millorar el teu futur. Kairos t&#8217;ofereix un projecte innovador i sostenible, amb habitatges independents i aparellats dissenyats a la teva mida. Gaudeix d\u00b4acabats d\u00b4alta qualitat, una distribuci\u00f3 \u00f2ptima i espais comuns excepcionals: piscina, zones enjardinades i un entorn familiar i segur. Tot all\u00f2 que necessites per viure amb confort, tranquil\u00b7litat i benestar. [&hellip;]<\/p>\n","protected":false},"author":5,"featured_media":0,"parent":0,"menu_order":0,"comment_status":"closed","ping_status":"closed","template":"elementor_header_footer","meta":{"_acf_changed":false,"inline_featured_image":false,"footnotes":""},"class_list":["post-1028","page","type-page","status-publish","hentry"],"acf":[],"_links":{"self":[{"href":"https:\/\/kairos.seastonehomes.es\/ca\/wp-json\/wp\/v2\/pages\/1028","targetHints":{"allow":["GET"]}}],"collection":[{"href":"https:\/\/kairos.seastonehomes.es\/ca\/wp-json\/wp\/v2\/pages"}],"about":[{"href":"https:\/\/kairos.seastonehomes.es\/ca\/wp-json\/wp\/v2\/types\/page"}],"author":[{"embeddable":true,"href":"https:\/\/kairos.seastonehomes.es\/ca\/wp-json\/wp\/v2\/users\/5"}],"replies":[{"embeddable":true,"href":"https:\/\/kairos.seastonehomes.es\/ca\/wp-json\/wp\/v2\/comments?post=1028"}],"version-history":[{"count":7,"href":"https:\/\/kairos.seastonehomes.es\/ca\/wp-json\/wp\/v2\/pages\/1028\/revisions"}],"predecessor-version":[{"id":1455,"href":"https:\/\/kairos.seastonehomes.es\/ca\/wp-json\/wp\/v2\/pages\/1028\/revisions\/1455"}],"wp:attachment":[{"href":"https:\/\/kairos.seastonehomes.es\/ca\/wp-json\/wp\/v2\/media?parent=1028"}],"curies":[{"name":"wp","href":"https:\/\/api.w.org\/{rel}","templated":true}]}}